{"id":1895,"date":"2021-12-09T15:18:49","date_gmt":"2021-12-09T14:18:49","guid":{"rendered":"https:\/\/svas.it\/?page_id=1895"},"modified":"2025-10-14T11:59:42","modified_gmt":"2025-10-14T09:59:42","slug":"profile","status":"publish","type":"page","link":"https:\/\/svas.it\/en\/profile\/","title":{"rendered":"Profile"},"content":{"rendered":"\t\t<div data-elementor-type=\"wp-page\" data-elementor-id=\"1895\" class=\"elementor elementor-1895 elementor-1894\" data-elementor-post-type=\"page\">\n\t\t\t\t\t\t<section data-dce-background-color=\"#DAA9A3\" data-dce-background-overlay-image-url=\"https:\/\/svas.it\/wp-content\/uploads\/2021\/11\/SVAS.png\" class=\"elementor-section elementor-top-section elementor-element elementor-element-b65f66e elementor-section-height-min-height elementor-section-content-bottom elementor-section-boxed elementor-section-height-default elementor-section-items-middle\" data-id=\"b65f66e\" data-element_type=\"section\" data-settings=\"{&quot;background_background&quot;:&quot;classic&quot;}\">\n\t\t\t\t\t\t\t<div class=\"elementor-background-overlay\"><\/div>\n\t\t\t\t\t\t\t<div class=\"elementor-container elementor-column-gap-default\">\n\t\t\t\t\t<div class=\"elementor-column elementor-col-50 elementor-top-column elementor-element elementor-element-a18624d elementor-hidden-mobile\" data-id=\"a18624d\" data-element_type=\"column\">\n\t\t\t<div class=\"elementor-widget-wrap elementor-element-populated\">\n\t\t\t\t\t\t<div class=\"elementor-element elementor-element-5ae9d69 elementor-widget elementor-widget-dce-breadcrumbs\" data-id=\"5ae9d69\" data-element_type=\"widget\" data-widget_type=\"dce-breadcrumbs.default\">\n\t\t\t\t<div class=\"elementor-widget-container\">\n\t\t\t<div><span><span><a href=\"https:\/\/svas.it\/\">Home<\/a><\/span><\/span><\/div>\t\t<\/div>\n\t\t\t\t<\/div>\n\t\t\t\t\t<\/div>\n\t\t<\/div>\n\t\t\t\t<div class=\"elementor-column elementor-col-50 elementor-top-column elementor-element elementor-element-605be73\" data-id=\"605be73\" data-element_type=\"column\">\n\t\t\t<div class=\"elementor-widget-wrap elementor-element-populated\">\n\t\t\t\t\t\t\t<\/div>\n\t\t<\/div>\n\t\t\t\t\t<\/div>\n\t\t<\/section>\n\t\t\t\t<section class=\"elementor-section elementor-top-section elementor-element elementor-element-f54cb56 elementor-section-boxed elementor-section-height-default elementor-section-height-default\" data-id=\"f54cb56\" data-element_type=\"section\">\n\t\t\t\t\t\t<div class=\"elementor-container elementor-column-gap-wider\">\n\t\t\t\t\t<div class=\"elementor-column elementor-col-50 elementor-top-column elementor-element elementor-element-406b6fc\" data-id=\"406b6fc\" data-element_type=\"column\" data-settings=\"{&quot;background_background&quot;:&quot;classic&quot;}\">\n\t\t\t<div class=\"elementor-widget-wrap elementor-element-populated\">\n\t\t\t\t\t\t<div class=\"elementor-element elementor-element-ac7cdef menu-gov elementor-widget elementor-widget-wp-widget-nav_menu\" data-id=\"ac7cdef\" data-element_type=\"widget\" data-widget_type=\"wp-widget-nav_menu.default\">\n\t\t\t\t<div class=\"elementor-widget-container\">\n\t\t\t<div class=\"menu-governance-en-container\"><ul id=\"menu-governance-en\" class=\"menu\"><li id=\"menu-item-2828\" class=\"menu-item menu-item-type-post_type menu-item-object-page menu-item-2828\"><a href=\"https:\/\/svas.it\/en\/profile\/\">Profile<\/a><\/li>\n<li id=\"menu-item-2829\" class=\"menu-item menu-item-type-post_type menu-item-object-page menu-item-has-children menu-item-2829\"><a href=\"https:\/\/svas.it\/governance\/profile\/\">Governance<\/a>\n<ul class=\"sub-menu\">\n\t<li id=\"menu-item-2830\" class=\"menu-item menu-item-type-post_type menu-item-object-page menu-item-2830\"><a href=\"https:\/\/svas.it\/en\/governance\/board-of-directors\/\">Board of directors<\/a><\/li>\n\t<li id=\"menu-item-2831\" class=\"menu-item menu-item-type-post_type menu-item-object-page menu-item-2831\"><a href=\"https:\/\/svas.it\/en\/governance\/board-of-auditors\/\">Board of auditors<\/a><\/li>\n\t<li id=\"menu-item-2832\" class=\"menu-item menu-item-type-post_type menu-item-object-page menu-item-2832\"><a href=\"https:\/\/svas.it\/en\/governance\/auditing-company\/\">Auditing company<\/a><\/li>\n\t<li id=\"menu-item-2833\" class=\"menu-item menu-item-type-post_type menu-item-object-page menu-item-2833\"><a href=\"https:\/\/svas.it\/en\/governance\/shareholding\/\">Shareholding<\/a><\/li>\n\t<li id=\"menu-item-2920\" class=\"menu-item menu-item-type-post_type menu-item-object-page menu-item-has-children menu-item-2920\"><a href=\"https:\/\/svas.it\/en\/governance\/documents-procedures-and-regulations\/\">Documents Procedures and regulations<\/a>\n\t<ul class=\"sub-menu\">\n\t\t<li id=\"menu-item-3043\" class=\"menu-item menu-item-type-post_type menu-item-object-page menu-item-3043\"><a href=\"https:\/\/svas.it\/en\/governance\/documents-procedures-and-regulations\/statuto\/\">Statute<\/a><\/li>\n\t\t<li id=\"menu-item-2921\" class=\"menu-item menu-item-type-post_type menu-item-object-page menu-item-2921\"><a href=\"https:\/\/svas.it\/en\/governance\/documents-procedures-and-regulations\/code-of-ethics\/\">Code of ethics<\/a><\/li>\n\t\t<li id=\"menu-item-2836\" class=\"menu-item menu-item-type-post_type menu-item-object-page menu-item-2836\"><a href=\"https:\/\/svas.it\/en\/governance\/documents-procedures-and-regulations\/procedura-parti-correlae\/\">Related-Parties Procedure<\/a><\/li>\n\t\t<li id=\"menu-item-2837\" class=\"menu-item menu-item-type-post_type menu-item-object-page menu-item-2837\"><a href=\"https:\/\/svas.it\/en\/governance\/documents-procedures-and-regulations\/procedura-internal-dealing\/\">Procedura Internal dealing<\/a><\/li>\n\t\t<li id=\"menu-item-2838\" class=\"menu-item menu-item-type-post_type menu-item-object-page menu-item-2838\"><a href=\"https:\/\/svas.it\/en\/governance\/documents-procedures-and-regulations\/regulation-on-governance-of-inside-information\/\">Regulation on governance of inside information<\/a><\/li>\n\t<\/ul>\n<\/li>\n<\/ul>\n<\/li>\n<li id=\"menu-item-2839\" class=\"menu-item menu-item-type-post_type menu-item-object-page menu-item-has-children menu-item-2839\"><a href=\"https:\/\/svas.it\/en\/investor-relations\/\">Investor Relations<\/a>\n<ul class=\"sub-menu\">\n\t<li id=\"menu-item-5054\" class=\"menu-item menu-item-type-post_type menu-item-object-page menu-item-5054\"><a href=\"https:\/\/svas.it\/en\/investor-relations\/financial-calendar\/\">Financial Calendar<\/a><\/li>\n\t<li id=\"menu-item-2841\" class=\"menu-item menu-item-type-post_type menu-item-object-page menu-item-2841\"><a href=\"https:\/\/svas.it\/en\/investor-relations\/releases\/\">Releases<\/a><\/li>\n\t<li id=\"menu-item-2842\" class=\"menu-item menu-item-type-post_type menu-item-object-page menu-item-2842\"><a href=\"https:\/\/svas.it\/en\/investor-relations\/financialreports\/\">Financial Reports<\/a><\/li>\n\t<li id=\"menu-item-3474\" class=\"menu-item menu-item-type-post_type menu-item-object-page menu-item-3474\"><a href=\"https:\/\/svas.it\/en\/investor-relations\/presentations\/\">Presentations<\/a><\/li>\n\t<li id=\"menu-item-4796\" class=\"menu-item menu-item-type-custom menu-item-object-custom menu-item-has-children menu-item-4796\"><a href=\"#\">Shareholders meeting<\/a>\n\t<ul class=\"sub-menu\">\n\t\t<li id=\"menu-item-7229\" class=\"menu-item menu-item-type-post_type menu-item-object-page menu-item-7229\"><a href=\"https:\/\/svas.it\/en\/investor-relations\/2025-shareholders-meeting-of-03-12-2025\/\">2025 \u2013 Shareholders\u2019 meeting of 03\/12\/2025<\/a><\/li>\n\t\t<li id=\"menu-item-6509\" class=\"menu-item menu-item-type-post_type menu-item-object-page menu-item-6509\"><a href=\"https:\/\/svas.it\/en\/investor-relations\/2025-shareholders-meeting-of-20-05-2025\/\">2025 \u2013 Shareholders\u2019 meeting of 20\/05\/2025<\/a><\/li>\n\t\t<li id=\"menu-item-6531\" class=\"menu-item menu-item-type-post_type menu-item-object-page menu-item-6531\"><a href=\"https:\/\/svas.it\/en\/investor-relations\/2024-shareholders-meeting-of-15-05-2024\/\">2024 \u2013 Shareholders\u2019 meeting of 15\/05\/2024<\/a><\/li>\n\t\t<li id=\"menu-item-6530\" class=\"menu-item menu-item-type-post_type menu-item-object-page menu-item-6530\"><a href=\"https:\/\/svas.it\/en\/investor-relations\/__trashed-9\/\">2024 \u2013 Shareholders\u2019 meeting of 27\/12\/2024<\/a><\/li>\n\t\t<li id=\"menu-item-4798\" class=\"menu-item menu-item-type-post_type menu-item-object-page menu-item-4798\"><a href=\"https:\/\/svas.it\/en\/investor-relations\/shareholders-meeting-16-05-2022\/\">Shareholders meeting 16.05.2023<\/a><\/li>\n\t\t<li id=\"menu-item-2843\" class=\"menu-item menu-item-type-post_type menu-item-object-page menu-item-2843\"><a href=\"https:\/\/svas.it\/en\/investor-relations\/assemblea-azionisti\/\">Shareholders meeting 16.05.2022<\/a><\/li>\n\t<\/ul>\n<\/li>\n\t<li id=\"menu-item-3025\" class=\"menu-item menu-item-type-post_type menu-item-object-page menu-item-3025\"><a href=\"https:\/\/svas.it\/en\/investor-relations\/internal-dealing\/\">Internal Dealing<\/a><\/li>\n\t<li id=\"menu-item-3024\" class=\"menu-item menu-item-type-post_type menu-item-object-page menu-item-3024\"><a href=\"https:\/\/svas.it\/en\/investor-relations\/internal-coverage\/\">Internal coverage<\/a><\/li>\n<\/ul>\n<\/li>\n<li id=\"menu-item-2844\" class=\"menu-item menu-item-type-post_type menu-item-object-page menu-item-has-children menu-item-2844\"><a href=\"https:\/\/svas.it\/en\/ipo\/\">IPO<\/a>\n<ul class=\"sub-menu\">\n\t<li id=\"menu-item-2845\" class=\"menu-item menu-item-type-post_type menu-item-object-page menu-item-2845\"><a href=\"https:\/\/svas.it\/en\/ipo\/admission-document\/\">Admission document<\/a><\/li>\n\t<li id=\"menu-item-2846\" class=\"menu-item menu-item-type-post_type menu-item-object-page menu-item-2846\"><a href=\"https:\/\/svas.it\/en\/ipo\/warrant-regulations\/\">Warrant Regulations<\/a><\/li>\n\t<li id=\"menu-item-2847\" class=\"menu-item menu-item-type-post_type menu-item-object-page menu-item-2847\"><a href=\"https:\/\/svas.it\/en\/ipo\/ipo-team\/\">IPO team<\/a><\/li>\n<\/ul>\n<\/li>\n<li id=\"menu-item-2848\" class=\"menu-item menu-item-type-post_type menu-item-object-page menu-item-2848\"><a href=\"https:\/\/svas.it\/en\/investor-relations\/ir-contact\/\">IR contact<\/a><\/li>\n<\/ul><\/div>\t\t<\/div>\n\t\t\t\t<\/div>\n\t\t\t\t\t<\/div>\n\t\t<\/div>\n\t\t\t\t<div class=\"elementor-column elementor-col-50 elementor-top-column elementor-element elementor-element-c287830\" data-id=\"c287830\" data-element_type=\"column\">\n\t\t\t<div class=\"elementor-widget-wrap elementor-element-populated\">\n\t\t\t\t\t\t<div class=\"elementor-element elementor-element-65add8e elementor-widget elementor-widget-heading\" data-id=\"65add8e\" data-element_type=\"widget\" data-widget_type=\"heading.default\">\n\t\t\t\t<div class=\"elementor-widget-container\">\n\t\t\t<h2 class=\"elementor-heading-title elementor-size-default\">INVESTMENT STORY<\/h2>\t\t<\/div>\n\t\t\t\t<\/div>\n\t\t\t\t<div class=\"elementor-element elementor-element-cab85c3 elementor-widget elementor-widget-text-editor\" data-id=\"cab85c3\" data-element_type=\"widget\" data-widget_type=\"text-editor.default\">\n\t\t\t\t<div class=\"elementor-widget-container\">\n\t\t\t\t\t\t\t<p>SVAS Biosana manufactures and distributes medical devices in Italy and abroad. SVAS was founded in 1972 in Somma Vesuviana (NA) by the Perillo family, today it is an international company with a list of 16,000 products under its own and third-party brands, around 350 employees, a Research and Development department, 3 production sites in Italy and subsidiaries in Slovenia, Croatia, Serbia and Bosnia Herzegovina.<\/p>\t\t\t\t\t\t<\/div>\n\t\t\t\t<\/div>\n\t\t\t\t<div data-dce-background-color=\"#FFFFFF00\" class=\"elementor-element elementor-element-78938c4 elementor-widget elementor-widget-button\" data-id=\"78938c4\" data-element_type=\"widget\" data-widget_type=\"button.default\">\n\t\t\t\t<div class=\"elementor-widget-container\">\n\t\t\t\t\t<div class=\"elementor-button-wrapper\">\n\t\t\t<a class=\"elementor-button elementor-button-link elementor-size-sm elementor-animation-shrink\" href=\"https:\/\/svas.it\/en\/about-us\/history\/\">\n\t\t\t\t\t\t<span class=\"elementor-button-content-wrapper\">\n\t\t\t\t\t\t\t\t\t<span class=\"elementor-button-text\">HISTORY AND MISSION<\/span>\n\t\t\t\t\t<\/span>\n\t\t\t\t\t<\/a>\n\t\t<\/div>\n\t\t\t\t<\/div>\n\t\t\t\t<\/div>\n\t\t\t\t<section class=\"elementor-section elementor-inner-section elementor-element elementor-element-92a6470 elementor-hidden-desktop elementor-hidden-tablet elementor-hidden-mobile elementor-section-boxed elementor-section-height-default elementor-section-height-default\" data-id=\"92a6470\" data-element_type=\"section\">\n\t\t\t\t\t\t<div class=\"elementor-container elementor-column-gap-wider\">\n\t\t\t\t\t<div class=\"elementor-column elementor-col-50 elementor-inner-column elementor-element elementor-element-b97c3ec\" data-id=\"b97c3ec\" data-element_type=\"column\">\n\t\t\t<div class=\"elementor-widget-wrap elementor-element-populated\">\n\t\t\t\t\t\t<div class=\"elementor-element elementor-element-27fa881 dce_masking-none elementor-vertical-align-top elementor-widget elementor-widget-image-box\" data-id=\"27fa881\" data-element_type=\"widget\" data-widget_type=\"image-box.default\">\n\t\t\t\t<div class=\"elementor-widget-container\">\n\t\t\t<div class=\"elementor-image-box-wrapper\"><div class=\"elementor-image-box-content\"><h3 class=\"elementor-image-box-title\"><a href=\"#\">Umberto Perillo<\/a><\/h3><p class=\"elementor-image-box-description\"><b> Amministratore Delegato<\/b><br><br>\n Nato a San Giuseppe Vesuviano il 3 aprile 1961. Dopo il diploma di maturit\u00e0 scientifica fa ingresso nell\u2019azienda di famiglia nella quale ricopre la carica di Amministratore Delegato ed azionista di maggioranza.\n\nDal 1979 si \u00e8 occupato della crescita e dello sviluppo strategico del Gruppo SVAS sviluppando ed ottimizzando il modello di business attuale e gestendo direttamente le operazioni straordinarie.\n\nA partire dal 1989 ha maturato inoltre esperienze di amministrazione e di governance in tutte le societ\u00e0 del Gruppo.\n\n<\/p><\/div><\/div>\t\t<\/div>\n\t\t\t\t<\/div>\n\t\t\t\t\t<\/div>\n\t\t<\/div>\n\t\t\t\t<div class=\"elementor-column elementor-col-50 elementor-inner-column elementor-element elementor-element-1d2cbf0\" data-id=\"1d2cbf0\" data-element_type=\"column\">\n\t\t\t<div class=\"elementor-widget-wrap elementor-element-populated\">\n\t\t\t\t\t\t<div class=\"elementor-element elementor-element-da6803c dce_masking-none elementor-vertical-align-top elementor-widget elementor-widget-image-box\" data-id=\"da6803c\" data-element_type=\"widget\" data-widget_type=\"image-box.default\">\n\t\t\t\t<div class=\"elementor-widget-container\">\n\t\t\t<div class=\"elementor-image-box-wrapper\"><div class=\"elementor-image-box-content\"><h3 class=\"elementor-image-box-title\"><a href=\"#\">Andrea Efficace<\/a><\/h3><p class=\"elementor-image-box-description\"><b>CFO ed IR del Gruppo e CEO di Mark Medical<\/b><br><br>\n\nNato a Boscotrecase (NA) il 27 Gennaio 1973. Laureato in Economia e Commercio presso l\u2019Universit\u00e0 Federico II di Napoli \u00e8 abilitato alla professione di Dottore Commercialista ed \u00e8 Revisore legale. Andrea \u00e8 in SVAS dal 1998. Il percorso di crescita, iniziato nell\u2019area commerciale, gli ha permesso di conoscere profondamente SVAS Biosana fino a ricoprire il ruolo di CFO del Gruppo e di CEO di Mark Medical, societ\u00e0 di distribuzione internazionale di SVAS.\n<\/p><\/div><\/div>\t\t<\/div>\n\t\t\t\t<\/div>\n\t\t\t\t\t<\/div>\n\t\t<\/div>\n\t\t\t\t\t<\/div>\n\t\t<\/section>\n\t\t\t\t\t<\/div>\n\t\t<\/div>\n\t\t\t\t\t<\/div>\n\t\t<\/section>\n\t\t\t\t<\/div>\n\t\t","protected":false},"excerpt":{"rendered":"<p>Home INVESTMENT STORY SVAS Biosana manufactures and distributes medical devices in Italy and abroad. SVAS was founded in 1972 in Somma Vesuviana (NA) by the Perillo family, today it is an international company with a list of 16,000 products under its own and third-party brands, around 350 employees, a Research and Development department, 3 production [&hellip;]<\/p>\n","protected":false},"author":1,"featured_media":0,"parent":0,"menu_order":0,"comment_status":"closed","ping_status":"closed","template":"elementor_header_footer","meta":{"footnotes":"","_links_to":"","_links_to_target":""},"class_list":["post-1895","page","type-page","status-publish","hentry"],"acf":[],"yoast_head":"<!-- This site is optimized with the Yoast SEO plugin v21.5 - https:\/\/yoast.com\/wordpress\/plugins\/seo\/ -->\n<title>Profile - Svas<\/title>\n<meta name=\"robots\" content=\"index, follow, max-snippet:-1, max-image-preview:large, max-video-preview:-1\" \/>\n<link rel=\"canonical\" href=\"https:\/\/svas.it\/profile\/\" \/>\n<meta property=\"og:locale\" content=\"en_US\" \/>\n<meta property=\"og:type\" content=\"article\" \/>\n<meta property=\"og:title\" content=\"Profile - Svas\" \/>\n<meta property=\"og:description\" content=\"Home INVESTMENT STORY SVAS Biosana manufactures and distributes medical devices in Italy and abroad. SVAS was founded in 1972 in Somma Vesuviana (NA) by the Perillo family, today it is an international company with a list of 16,000 products under its own and third-party brands, around 350 employees, a Research and Development department, 3 production [&hellip;]\" \/>\n<meta property=\"og:url\" content=\"https:\/\/svas.it\/profile\/\" \/>\n<meta property=\"og:site_name\" content=\"Svas\" \/>\n<meta property=\"article:modified_time\" content=\"2025-10-14T09:59:42+00:00\" \/>\n<meta property=\"og:image\" content=\"https:\/\/svas.it\/wp-content\/uploads\/2021\/11\/001.jpg\" \/>\n\t<meta property=\"og:image:width\" content=\"2300\" \/>\n\t<meta property=\"og:image:height\" content=\"1269\" \/>\n\t<meta property=\"og:image:type\" content=\"image\/jpeg\" \/>\n<meta name=\"twitter:card\" content=\"summary_large_image\" \/>\n<meta name=\"twitter:label1\" content=\"Est. reading time\" \/>\n\t<meta name=\"twitter:data1\" content=\"2 minutes\" \/>\n<script type=\"application\/ld+json\" class=\"yoast-schema-graph\">{\"@context\":\"https:\/\/schema.org\",\"@graph\":[{\"@type\":\"WebPage\",\"@id\":\"https:\/\/svas.it\/profile\/\",\"url\":\"https:\/\/svas.it\/profile\/\",\"name\":\"Profile - Svas\",\"isPartOf\":{\"@id\":\"https:\/\/svas.it\/#website\"},\"datePublished\":\"2021-12-09T14:18:49+00:00\",\"dateModified\":\"2025-10-14T09:59:42+00:00\",\"breadcrumb\":{\"@id\":\"https:\/\/svas.it\/profile\/#breadcrumb\"},\"inLanguage\":\"en-US\",\"potentialAction\":[{\"@type\":\"ReadAction\",\"target\":[\"https:\/\/svas.it\/profile\/\"]}]},{\"@type\":\"BreadcrumbList\",\"@id\":\"https:\/\/svas.it\/profile\/#breadcrumb\",\"itemListElement\":[{\"@type\":\"ListItem\",\"position\":1,\"name\":\"Home\",\"item\":\"https:\/\/svas.it\/\"},{\"@type\":\"ListItem\",\"position\":2,\"name\":\"Profile\"}]},{\"@type\":\"WebSite\",\"@id\":\"https:\/\/svas.it\/#website\",\"url\":\"https:\/\/svas.it\/\",\"name\":\"Svas\",\"description\":\"\",\"publisher\":{\"@id\":\"https:\/\/svas.it\/#organization\"},\"potentialAction\":[{\"@type\":\"SearchAction\",\"target\":{\"@type\":\"EntryPoint\",\"urlTemplate\":\"https:\/\/svas.it\/?s={search_term_string}\"},\"query-input\":\"required name=search_term_string\"}],\"inLanguage\":\"en-US\"},{\"@type\":\"Organization\",\"@id\":\"https:\/\/svas.it\/#organization\",\"name\":\"Svas\",\"url\":\"https:\/\/svas.it\/\",\"logo\":{\"@type\":\"ImageObject\",\"inLanguage\":\"en-US\",\"@id\":\"https:\/\/svas.it\/#\/schema\/logo\/image\/\",\"url\":\"https:\/\/svas.it\/wp-content\/uploads\/2021\/11\/logo-bianco-svas.png\",\"contentUrl\":\"https:\/\/svas.it\/wp-content\/uploads\/2021\/11\/logo-bianco-svas.png\",\"width\":725,\"height\":163,\"caption\":\"Svas\"},\"image\":{\"@id\":\"https:\/\/svas.it\/#\/schema\/logo\/image\/\"}}]}<\/script>\n<!-- \/ Yoast SEO plugin. -->","yoast_head_json":{"title":"Profile - Svas","robots":{"index":"index","follow":"follow","max-snippet":"max-snippet:-1","max-image-preview":"max-image-preview:large","max-video-preview":"max-video-preview:-1"},"canonical":"https:\/\/svas.it\/profile\/","og_locale":"en_US","og_type":"article","og_title":"Profile - Svas","og_description":"Home INVESTMENT STORY SVAS Biosana manufactures and distributes medical devices in Italy and abroad. SVAS was founded in 1972 in Somma Vesuviana (NA) by the Perillo family, today it is an international company with a list of 16,000 products under its own and third-party brands, around 350 employees, a Research and Development department, 3 production [&hellip;]","og_url":"https:\/\/svas.it\/profile\/","og_site_name":"Svas","article_modified_time":"2025-10-14T09:59:42+00:00","og_image":[{"width":2300,"height":1269,"url":"https:\/\/svas.it\/wp-content\/uploads\/2021\/11\/001.jpg","type":"image\/jpeg"}],"twitter_card":"summary_large_image","twitter_misc":{"Est. reading time":"2 minutes"},"schema":{"@context":"https:\/\/schema.org","@graph":[{"@type":"WebPage","@id":"https:\/\/svas.it\/profile\/","url":"https:\/\/svas.it\/profile\/","name":"Profile - Svas","isPartOf":{"@id":"https:\/\/svas.it\/#website"},"datePublished":"2021-12-09T14:18:49+00:00","dateModified":"2025-10-14T09:59:42+00:00","breadcrumb":{"@id":"https:\/\/svas.it\/profile\/#breadcrumb"},"inLanguage":"en-US","potentialAction":[{"@type":"ReadAction","target":["https:\/\/svas.it\/profile\/"]}]},{"@type":"BreadcrumbList","@id":"https:\/\/svas.it\/profile\/#breadcrumb","itemListElement":[{"@type":"ListItem","position":1,"name":"Home","item":"https:\/\/svas.it\/"},{"@type":"ListItem","position":2,"name":"Profile"}]},{"@type":"WebSite","@id":"https:\/\/svas.it\/#website","url":"https:\/\/svas.it\/","name":"Svas","description":"","publisher":{"@id":"https:\/\/svas.it\/#organization"},"potentialAction":[{"@type":"SearchAction","target":{"@type":"EntryPoint","urlTemplate":"https:\/\/svas.it\/?s={search_term_string}"},"query-input":"required name=search_term_string"}],"inLanguage":"en-US"},{"@type":"Organization","@id":"https:\/\/svas.it\/#organization","name":"Svas","url":"https:\/\/svas.it\/","logo":{"@type":"ImageObject","inLanguage":"en-US","@id":"https:\/\/svas.it\/#\/schema\/logo\/image\/","url":"https:\/\/svas.it\/wp-content\/uploads\/2021\/11\/logo-bianco-svas.png","contentUrl":"https:\/\/svas.it\/wp-content\/uploads\/2021\/11\/logo-bianco-svas.png","width":725,"height":163,"caption":"Svas"},"image":{"@id":"https:\/\/svas.it\/#\/schema\/logo\/image\/"}}]}},"_links":{"self":[{"href":"https:\/\/svas.it\/en\/wp-json\/wp\/v2\/pages\/1895"}],"collection":[{"href":"https:\/\/svas.it\/en\/wp-json\/wp\/v2\/pages"}],"about":[{"href":"https:\/\/svas.it\/en\/wp-json\/wp\/v2\/types\/page"}],"author":[{"embeddable":true,"href":"https:\/\/svas.it\/en\/wp-json\/wp\/v2\/users\/1"}],"replies":[{"embeddable":true,"href":"https:\/\/svas.it\/en\/wp-json\/wp\/v2\/comments?post=1895"}],"version-history":[{"count":18,"href":"https:\/\/svas.it\/en\/wp-json\/wp\/v2\/pages\/1895\/revisions"}],"predecessor-version":[{"id":6995,"href":"https:\/\/svas.it\/en\/wp-json\/wp\/v2\/pages\/1895\/revisions\/6995"}],"wp:attachment":[{"href":"https:\/\/svas.it\/en\/wp-json\/wp\/v2\/media?parent=1895"}],"curies":[{"name":"wp","href":"https:\/\/api.w.org\/{rel}","templated":true}]}}